{"id":17,"date":"2025-10-12T19:27:06","date_gmt":"2025-10-12T19:27:06","guid":{"rendered":"https:\/\/dev.sc-pakt.de\/?page_id=17"},"modified":"2025-12-23T14:56:13","modified_gmt":"2025-12-23T14:56:13","slug":"home","status":"publish","type":"page","link":"https:\/\/sc-pakt.eu\/","title":{"rendered":"Home"},"content":{"rendered":"\t\t<div data-elementor-type=\"wp-page\" data-elementor-id=\"17\" class=\"elementor elementor-17\">\n\t\t\t\t<div class=\"elementor-element elementor-element-eca42a9 e-flex e-con-boxed e-con e-parent\" data-id=\"eca42a9\" data-element_type=\"container\" data-e-type=\"container\">\n\t\t\t\t\t<div class=\"e-con-inner\">\n\t\t\t\t<div class=\"elementor-element elementor-element-e6e3876 elementor-widget elementor-widget-menu-anchor\" data-id=\"e6e3876\" data-element_type=\"widget\" data-e-type=\"widget\" data-widget_type=\"menu-anchor.default\">\n\t\t\t\t\t\t\t<div class=\"elementor-menu-anchor\" id=\"News\"><\/div>\n\t\t\t\t\t\t<\/div>\n\t\t\t\t<div class=\"elementor-element elementor-element-43592a6 elementor-widget elementor-widget-heading\" data-id=\"43592a6\" data-element_type=\"widget\" data-e-type=\"widget\" data-widget_type=\"heading.default\">\n\t\t\t\t\t<h2 class=\"elementor-heading-title elementor-size-default\">News<\/h2>\t\t\t\t<\/div>\n\t\t\t\t<div class=\"elementor-element elementor-element-e31f87c elementor-widget elementor-widget-shortcode\" data-id=\"e31f87c\" data-element_type=\"widget\" data-e-type=\"widget\" data-widget_type=\"shortcode.default\">\n\t\t\t\t\t\t\t<div class=\"elementor-shortcode\"><div class=\"news-liste\"><article class=\"news-item\"><div class=\"news-content\"><h3 class=\"news-title\"><a href=\"https:\/\/sc-pakt.eu\/index.php\/2025\/12\/23\/neue-seite\/\">Neue Seite<\/a><\/h3><div class=\"news-meta\">23.12.2025 | Troy Grunt<\/div><\/div><\/article><article class=\"news-item\"><div class=\"news-content\"><h3 class=\"news-title\"><a href=\"https:\/\/sc-pakt.eu\/index.php\/2025\/10\/09\/viertes-pakt-treffen-in-lichtenfels-ein-abend-voller-highlights\/\">Viertes PAKT-Treffen in Lichtenfels \u2013 ein Abend voller Highlights!<\/a><\/h3><div class=\"news-meta\">09.10.2025 | Troy Grunt<\/div><\/div><div class=\"news-image\"><a href=\"https:\/\/sc-pakt.eu\/index.php\/2025\/10\/09\/viertes-pakt-treffen-in-lichtenfels-ein-abend-voller-highlights\/\"><img fetchpriority=\"high\" decoding=\"async\" width=\"193\" height=\"300\" src=\"https:\/\/sc-pakt.eu\/wp-content\/uploads\/2025\/12\/Pakt_citizen_2955-193x300.png\" class=\"attachment-medium size-medium wp-post-image\" alt=\"\" srcset=\"https:\/\/sc-pakt.eu\/wp-content\/uploads\/2025\/12\/Pakt_citizen_2955-193x300.png 193w, https:\/\/sc-pakt.eu\/wp-content\/uploads\/2025\/12\/Pakt_citizen_2955-659x1024.png 659w, https:\/\/sc-pakt.eu\/wp-content\/uploads\/2025\/12\/Pakt_citizen_2955.png 741w\" sizes=\"(max-width: 193px) 100vw, 193px\" \/><\/a><\/div><\/article><article class=\"news-item\"><div class=\"news-content\"><h3 class=\"news-title\"><a href=\"https:\/\/sc-pakt.eu\/index.php\/2024\/11\/02\/drittes-pakt-treffen-in-lichtenfels\/\">Drittes PAKT-Treffen in Lichtenfels<\/a><\/h3><div class=\"news-meta\">02.11.2024 | Troy Grunt<\/div><\/div><div class=\"news-image\"><a href=\"https:\/\/sc-pakt.eu\/index.php\/2024\/11\/02\/drittes-pakt-treffen-in-lichtenfels\/\"><img decoding=\"async\" width=\"300\" height=\"145\" src=\"https:\/\/sc-pakt.eu\/wp-content\/uploads\/2025\/12\/lichtenfeld24-300x145.png\" class=\"attachment-medium size-medium wp-post-image\" alt=\"\" srcset=\"https:\/\/sc-pakt.eu\/wp-content\/uploads\/2025\/12\/lichtenfeld24-300x145.png 300w, https:\/\/sc-pakt.eu\/wp-content\/uploads\/2025\/12\/lichtenfeld24-1024x495.png 1024w, https:\/\/sc-pakt.eu\/wp-content\/uploads\/2025\/12\/lichtenfeld24-768x371.png 768w, https:\/\/sc-pakt.eu\/wp-content\/uploads\/2025\/12\/lichtenfeld24.png 1233w\" sizes=\"(max-width: 300px) 100vw, 300px\" \/><\/a><\/div><\/article><\/div>\n<\/div>\n\t\t\t\t\t\t<\/div>\n\t\t\t\t\t<\/div>\n\t\t\t\t<\/div>\n\t\t<div class=\"elementor-element elementor-element-364f2d0 e-flex e-con-boxed e-con e-parent\" data-id=\"364f2d0\" data-element_type=\"container\" data-e-type=\"container\" data-settings=\"{&quot;background_background&quot;:&quot;classic&quot;}\">\n\t\t\t\t\t<div class=\"e-con-inner\">\n\t\t\t\t<div class=\"elementor-element elementor-element-225b736 elementor-widget elementor-widget-menu-anchor\" data-id=\"225b736\" data-element_type=\"widget\" data-e-type=\"widget\" data-widget_type=\"menu-anchor.default\">\n\t\t\t\t\t\t\t<div class=\"elementor-menu-anchor\" id=\"Mitglieder\"><\/div>\n\t\t\t\t\t\t<\/div>\n\t\t\t\t<div class=\"elementor-element elementor-element-3cf74b6 elementor-widget elementor-widget-heading\" data-id=\"3cf74b6\" data-element_type=\"widget\" data-e-type=\"widget\" data-widget_type=\"heading.default\">\n\t\t\t\t\t<h2 class=\"elementor-heading-title elementor-size-default\">Mitglieder<\/h2>\t\t\t\t<\/div>\n\t\t\t\t<div class=\"elementor-element elementor-element-46e0120 elementor-widget elementor-widget-shortcode\" data-id=\"46e0120\" data-element_type=\"widget\" data-e-type=\"widget\" data-widget_type=\"shortcode.default\">\n\t\t\t\t\t\t\t<div class=\"elementor-shortcode\"><div class=\"gallery-list row isotope\"><div class=\"col-md-4 col-sm-6 gallery-grid isotope-item\"><div class=\"gallery-single fix\"><div><h3>Wild Storm Team<\/h3><\/div><img decoding=\"async\" width=\"600\" height=\"752\" src=\"https:\/\/sc-pakt.eu\/wp-content\/uploads\/2025\/12\/logo-wst600.png\" class=\"img-fluid wp-post-image\" alt=\"\" srcset=\"https:\/\/sc-pakt.eu\/wp-content\/uploads\/2025\/12\/logo-wst600.png 600w, https:\/\/sc-pakt.eu\/wp-content\/uploads\/2025\/12\/logo-wst600-239x300.png 239w\" sizes=\"(max-width: 600px) 100vw, 600px\" \/><div><span style=\"margin-left:3px;float:left;width:20px;\"><img decoding=\"async\" src=\"https:\/\/sc-pakt.eu\/wp-content\/uploads\/2025\/12\/home.png\" style=\"height:10px;\"><\/span><a href=\"http:\/\/wst-clan.de\/\" target=\"_blank\" style=\"float:right;margin-right:3px;\">wst-clan.de<\/a><\/div><div style=\"clear:both;\"><\/div><div><span style=\"margin-left:3px;float:left;width:20px;\"><img decoding=\"async\" src=\"https:\/\/sc-pakt.eu\/wp-content\/uploads\/2025\/12\/rsi.png\" style=\"height:10px;\"><\/span><a href=\"https:\/\/www.robertsspaceindustries.com\/orgs\/WILDSTORM\/\" target=\"_blank\" style=\"float:right;margin-right:3px;\">\/orgs\/WILDSTORM\/<\/a><\/div><div style=\"clear:both;\"><\/div><div><span style=\"margin-left:3px;float:left;width:20px;\"><img decoding=\"async\" src=\"https:\/\/sc-pakt.eu\/wp-content\/uploads\/2025\/12\/discord.png\" style=\"height:10px;\"><\/span><a href=\"https:\/\/discord.gg\/AXSHm2JFgZ\" target=\"_blank\" style=\"float:right;margin-right:3px;\">Wild Storm Team<\/a><\/div><div style=\"clear:both;\"><\/div><\/div><\/div><div class=\"col-md-4 col-sm-6 gallery-grid isotope-item\"><div class=\"gallery-single fix\"><div><h3>Imperial Starfleet of Austria<\/h3><\/div><img loading=\"lazy\" decoding=\"async\" width=\"600\" height=\"615\" src=\"https:\/\/sc-pakt.eu\/wp-content\/uploads\/2025\/12\/logo-isfa600.png\" class=\"img-fluid wp-post-image\" alt=\"\" srcset=\"https:\/\/sc-pakt.eu\/wp-content\/uploads\/2025\/12\/logo-isfa600.png 600w, https:\/\/sc-pakt.eu\/wp-content\/uploads\/2025\/12\/logo-isfa600-293x300.png 293w\" sizes=\"(max-width: 600px) 100vw, 600px\" \/><div><span style=\"margin-left:3px;float:left;width:20px;\"><img decoding=\"async\" src=\"https:\/\/sc-pakt.eu\/wp-content\/uploads\/2025\/12\/home.png\" style=\"height:10px;\"><\/span><a href=\"https:\/\/www.starcitizen.at\/\" target=\"_blank\" style=\"float:right;margin-right:3px;\">starcitizen.at<\/a><\/div><div style=\"clear:both;\"><\/div><div><span style=\"margin-left:3px;float:left;width:20px;\"><img decoding=\"async\" src=\"https:\/\/sc-pakt.eu\/wp-content\/uploads\/2025\/12\/twitter.png\" style=\"height:10px;\"><\/span><a href=\"https:\/\/twitter.com\/Starcitizen_at\" target=\"_blank\" style=\"float:right;margin-right:3px;\">\/Starcitizen_at<\/a><\/div><div style=\"clear:both;\"><\/div><div><span style=\"margin-left:3px;float:left;width:20px;\"><img decoding=\"async\" src=\"https:\/\/sc-pakt.eu\/wp-content\/uploads\/2025\/12\/discord.png\" style=\"height:10px;\"><\/span><a href=\"https:\/\/discordapp.com\/invite\/jrEjGsB\" target=\"_blank\" style=\"float:right;margin-right:3px;\">#Willkommen<\/a><\/div><div style=\"clear:both;\"><\/div><div><span style=\"margin-left:3px;float:left;width:20px;\"><img decoding=\"async\" src=\"https:\/\/sc-pakt.eu\/wp-content\/uploads\/2025\/12\/twitch.png\" style=\"height:10px;\"><\/span><a href=\"https:\/\/www.twitch.tv\/isfa_live\" target=\"_blank\" style=\"float:right;margin-right:3px;\">\/isfa_live<\/a><\/div><div style=\"clear:both;\"><\/div><div><span style=\"margin-left:3px;float:left;width:20px;\"><img decoding=\"async\" src=\"https:\/\/sc-pakt.eu\/wp-content\/uploads\/2025\/12\/yt.png\" style=\"height:10px;\"><\/span><a href=\"https:\/\/www.youtube.com\/channel\/UCluHbmW8Z7-0CEuGLOKb2_Q\" target=\"_blank\" style=\"float:right;margin-right:3px;\">ISFA<\/a><\/div><div style=\"clear:both;\"><\/div><div><span style=\"margin-left:3px;float:left;width:20px;\"><img decoding=\"async\" src=\"https:\/\/sc-pakt.eu\/wp-content\/uploads\/2025\/12\/instagram.png\" style=\"height:10px;\"><\/span><a href=\"https:\/\/www.instagram.com\/starcitizen.at\/\" target=\"_blank\" style=\"float:right;margin-right:3px;\">\/starcitizen.at<\/a><\/div><div style=\"clear:both;\"><\/div><div><span style=\"margin-left:3px;float:left;width:20px;\"><img decoding=\"async\" src=\"https:\/\/sc-pakt.eu\/wp-content\/uploads\/2025\/12\/fb.png\" style=\"height:10px;\"><\/span><a href=\"https:\/\/www.facebook.com\/starcitizen.at\/\" target=\"_blank\" style=\"float:right;margin-right:3px;\">\/starcitizen.at<\/a><\/div><div style=\"clear:both;\"><\/div><\/div><\/div><div class=\"col-md-4 col-sm-6 gallery-grid isotope-item\"><div class=\"gallery-single fix\"><div><h3>M.E.R.C. Corporation<\/h3><\/div><img loading=\"lazy\" decoding=\"async\" width=\"1500\" height=\"1500\" src=\"https:\/\/sc-pakt.eu\/wp-content\/uploads\/2025\/12\/MERC-Logo_blueSpaceCorona1500x1500_C.png\" class=\"img-fluid wp-post-image\" alt=\"\" srcset=\"https:\/\/sc-pakt.eu\/wp-content\/uploads\/2025\/12\/MERC-Logo_blueSpaceCorona1500x1500_C.png 1500w, https:\/\/sc-pakt.eu\/wp-content\/uploads\/2025\/12\/MERC-Logo_blueSpaceCorona1500x1500_C-300x300.png 300w, https:\/\/sc-pakt.eu\/wp-content\/uploads\/2025\/12\/MERC-Logo_blueSpaceCorona1500x1500_C-1024x1024.png 1024w, https:\/\/sc-pakt.eu\/wp-content\/uploads\/2025\/12\/MERC-Logo_blueSpaceCorona1500x1500_C-150x150.png 150w, https:\/\/sc-pakt.eu\/wp-content\/uploads\/2025\/12\/MERC-Logo_blueSpaceCorona1500x1500_C-768x768.png 768w\" sizes=\"(max-width: 1500px) 100vw, 1500px\" \/><div><span style=\"margin-left:3px;float:left;width:20px;\"><img decoding=\"async\" src=\"https:\/\/sc-pakt.eu\/wp-content\/uploads\/2025\/12\/home.png\" style=\"height:10px;\"><\/span><a href=\"https:\/\/merc-corp.de\/\" target=\"_blank\" style=\"float:right;margin-right:3px;\">merc-corp.de<\/a><\/div><div style=\"clear:both;\"><\/div><div><span style=\"margin-left:3px;float:left;width:20px;\"><img decoding=\"async\" src=\"https:\/\/sc-pakt.eu\/wp-content\/uploads\/2025\/12\/rsi.png\" style=\"height:10px;\"><\/span><a href=\"https:\/\/robertsspaceindustries.com\/orgs\/MERCCORP\" target=\"_blank\" style=\"float:right;margin-right:3px;\">\/orgs\/MERCCORP<\/a><\/div><div style=\"clear:both;\"><\/div><div><span style=\"margin-left:3px;float:left;width:20px;\"><img decoding=\"async\" src=\"https:\/\/sc-pakt.eu\/wp-content\/uploads\/2025\/12\/ts3.png\" style=\"height:10px;\"><\/span><a href=\"https:\/\/ts.merc-corp.de\/\" target=\"_blank\" style=\"float:right;margin-right:3px;\">ts.merc-corp.de<\/a><\/div><div style=\"clear:both;\"><\/div><div><span style=\"margin-left:3px;float:left;width:20px;\"><img decoding=\"async\" src=\"https:\/\/sc-pakt.eu\/wp-content\/uploads\/2025\/12\/yt.png\" style=\"height:10px;\"><\/span><a href=\"https:\/\/www.youtube.com\/@MERCCorpOfficial\" target=\"_blank\" style=\"float:right;margin-right:3px;\">@MERCCorpOfficial<\/a><\/div><div style=\"clear:both;\"><\/div><div><span style=\"margin-left:3px;float:left;width:20px;\"><img decoding=\"async\" src=\"https:\/\/sc-pakt.eu\/wp-content\/uploads\/2025\/12\/instagram.png\" style=\"height:10px;\"><\/span><a href=\"https:\/\/www.instagram.com\/merc_corp\/\" target=\"_blank\" style=\"float:right;margin-right:3px;\">\/merc_corp<\/a><\/div><div style=\"clear:both;\"><\/div><div><span style=\"margin-left:3px;float:left;width:20px;\"><img decoding=\"async\" src=\"https:\/\/sc-pakt.eu\/wp-content\/uploads\/2025\/12\/fb.png\" style=\"height:10px;\"><\/span><a href=\"https:\/\/www.facebook.com\/m.e.r.c.corporation\" target=\"_blank\" style=\"float:right;margin-right:3px;\">\/m.e.r.c.corporation<\/a><\/div><div style=\"clear:both;\"><\/div><\/div><\/div><div class=\"col-md-4 col-sm-6 gallery-grid isotope-item\"><div class=\"gallery-single fix\"><div><h3>Starlight-Nomads<\/h3><\/div><img loading=\"lazy\" decoding=\"async\" width=\"2112\" height=\"2112\" src=\"https:\/\/sc-pakt.eu\/wp-content\/uploads\/2025\/12\/Logo_Neu_Weiss.png\" class=\"img-fluid wp-post-image\" alt=\"\" srcset=\"https:\/\/sc-pakt.eu\/wp-content\/uploads\/2025\/12\/Logo_Neu_Weiss.png 2112w, https:\/\/sc-pakt.eu\/wp-content\/uploads\/2025\/12\/Logo_Neu_Weiss-300x300.png 300w, https:\/\/sc-pakt.eu\/wp-content\/uploads\/2025\/12\/Logo_Neu_Weiss-1024x1024.png 1024w, https:\/\/sc-pakt.eu\/wp-content\/uploads\/2025\/12\/Logo_Neu_Weiss-150x150.png 150w, https:\/\/sc-pakt.eu\/wp-content\/uploads\/2025\/12\/Logo_Neu_Weiss-768x768.png 768w, https:\/\/sc-pakt.eu\/wp-content\/uploads\/2025\/12\/Logo_Neu_Weiss-1536x1536.png 1536w, https:\/\/sc-pakt.eu\/wp-content\/uploads\/2025\/12\/Logo_Neu_Weiss-2048x2048.png 2048w\" sizes=\"(max-width: 2112px) 100vw, 2112px\" \/><div><span style=\"margin-left:3px;float:left;width:20px;\"><img decoding=\"async\" src=\"https:\/\/sc-pakt.eu\/wp-content\/uploads\/2025\/12\/home.png\" style=\"height:10px;\"><\/span><a href=\"https:\/\/starlight-nomads.org\/\" target=\"_blank\" style=\"float:right;margin-right:3px;\">starlight-nomads.org<\/a><\/div><div style=\"clear:both;\"><\/div><div><span style=\"margin-left:3px;float:left;width:20px;\"><img decoding=\"async\" src=\"https:\/\/sc-pakt.eu\/wp-content\/uploads\/2025\/12\/home.png\" style=\"height:10px;\"><\/span><a href=\"https:\/\/starlight-nomads.forumieren.de\/\" target=\"_blank\" style=\"float:right;margin-right:3px;\">Forum<\/a><\/div><div style=\"clear:both;\"><\/div><div><span style=\"margin-left:3px;float:left;width:20px;\"><img decoding=\"async\" src=\"https:\/\/sc-pakt.eu\/wp-content\/uploads\/2025\/12\/rsi.png\" style=\"height:10px;\"><\/span><a href=\"https:\/\/robertsspaceindustries.com\/orgs\/SLTC\" target=\"_blank\" style=\"float:right;margin-right:3px;\">\/orgs\/SLTC<\/a><\/div><div style=\"clear:both;\"><\/div><div><span style=\"margin-left:3px;float:left;width:20px;\"><img decoding=\"async\" src=\"https:\/\/sc-pakt.eu\/wp-content\/uploads\/2025\/12\/twitch.png\" style=\"height:10px;\"><\/span><a href=\"https:\/\/www.twitch.tv\/sltc_live\" target=\"_blank\" style=\"float:right;margin-right:3px;\">\/sltc_live<\/a><\/div><div style=\"clear:both;\"><\/div><div><span style=\"margin-left:3px;float:left;width:20px;\"><img decoding=\"async\" src=\"https:\/\/sc-pakt.eu\/wp-content\/uploads\/2025\/12\/discord.png\" style=\"height:10px;\"><\/span><a href=\"https:\/\/discord-sltc.de\/\" target=\"_blank\" style=\"float:right;margin-right:3px;\">discord-sltc.de<\/a><\/div><div style=\"clear:both;\"><\/div><div><span style=\"margin-left:3px;float:left;width:20px;\"><img decoding=\"async\" src=\"https:\/\/sc-pakt.eu\/wp-content\/uploads\/2025\/12\/yt.png\" style=\"height:10px;\"><\/span><a href=\"https:\/\/www.youtube.com\/channel\/UCfPIv3_S7n-zuJvB3y8iK7w\" target=\"_blank\" style=\"float:right;margin-right:3px;\">@StarlightNomadsTV<\/a><\/div><div style=\"clear:both;\"><\/div><\/div><\/div><div class=\"col-md-4 col-sm-6 gallery-grid isotope-item\"><div class=\"gallery-single fix\"><div><h3>Unleashed Corp.<\/h3><\/div><img loading=\"lazy\" decoding=\"async\" width=\"500\" height=\"500\" src=\"https:\/\/sc-pakt.eu\/wp-content\/uploads\/2025\/12\/New-style2.png\" class=\"img-fluid wp-post-image\" alt=\"\" srcset=\"https:\/\/sc-pakt.eu\/wp-content\/uploads\/2025\/12\/New-style2.png 500w, https:\/\/sc-pakt.eu\/wp-content\/uploads\/2025\/12\/New-style2-300x300.png 300w, https:\/\/sc-pakt.eu\/wp-content\/uploads\/2025\/12\/New-style2-150x150.png 150w\" sizes=\"(max-width: 500px) 100vw, 500px\" \/><div><span style=\"margin-left:3px;float:left;width:20px;\"><img decoding=\"async\" src=\"https:\/\/sc-pakt.eu\/wp-content\/uploads\/2025\/12\/discord.png\" style=\"height:10px;\"><\/span><a href=\"https:\/\/discord.gg\/YYXjpEnD5M\" target=\"_blank\" style=\"float:right;margin-right:3px;\">\/YYXjpEnD5M<\/a><\/div><div style=\"clear:both;\"><\/div><div><span style=\"margin-left:3px;float:left;width:20px;\"><img decoding=\"async\" src=\"https:\/\/sc-pakt.eu\/wp-content\/uploads\/2025\/12\/ts3.png\" style=\"height:10px;\"><\/span><a href=\"https:\/\/ug-corp.de\/\" target=\"_blank\" style=\"float:right;margin-right:3px;\">ug-corp.de<\/a><\/div><div style=\"clear:both;\"><\/div><\/div><\/div><div class=\"col-md-4 col-sm-6 gallery-grid isotope-item\"><div class=\"gallery-single fix\"><div><h3>Isle of Hope Corp.<\/h3><\/div><img loading=\"lazy\" decoding=\"async\" width=\"600\" height=\"737\" src=\"https:\/\/sc-pakt.eu\/wp-content\/uploads\/2025\/12\/logo-ihope600.png\" class=\"img-fluid wp-post-image\" alt=\"\" srcset=\"https:\/\/sc-pakt.eu\/wp-content\/uploads\/2025\/12\/logo-ihope600.png 600w, https:\/\/sc-pakt.eu\/wp-content\/uploads\/2025\/12\/logo-ihope600-244x300.png 244w\" sizes=\"(max-width: 600px) 100vw, 600px\" \/><div><span style=\"margin-left:3px;float:left;width:20px;\"><img decoding=\"async\" src=\"https:\/\/sc-pakt.eu\/wp-content\/uploads\/2025\/12\/home.png\" style=\"height:10px;\"><\/span><a href=\"https:\/\/isleofhope.de\" target=\"_blank\" style=\"float:right;margin-right:3px;\">isleofhope.de<\/a><\/div><div style=\"clear:both;\"><\/div><div><span style=\"margin-left:3px;float:left;width:20px;\"><img decoding=\"async\" src=\"https:\/\/sc-pakt.eu\/wp-content\/uploads\/2025\/12\/twitter.png\" style=\"height:10px;\"><\/span><a href=\"https:\/\/twitter.com\/isleofhopecorp\" target=\"_blank\" style=\"float:right;margin-right:3px;\">@IsleofHopeCorp<\/a><\/div><div style=\"clear:both;\"><\/div><div><span style=\"margin-left:3px;float:left;width:20px;\"><img decoding=\"async\" src=\"https:\/\/sc-pakt.eu\/wp-content\/uploads\/2025\/12\/rsi.png\" style=\"height:10px;\"><\/span><a href=\"https:\/\/robertsspaceindustries.com\/en\/orgs\/IHOPE\" target=\"_blank\" style=\"float:right;margin-right:3px;\">\/orgs\/IHOPE<\/a><\/div><div style=\"clear:both;\"><\/div><div><span style=\"margin-left:3px;float:left;width:20px;\"><img decoding=\"async\" src=\"https:\/\/sc-pakt.eu\/wp-content\/uploads\/2025\/12\/twitch.png\" style=\"height:10px;\"><\/span><a href=\"https:\/\/www.twitch.tv\/isleofhope\" target=\"_blank\" style=\"float:right;margin-right:3px;\">\/isleofhope<\/a><\/div><div style=\"clear:both;\"><\/div><div><span style=\"margin-left:3px;float:left;width:20px;\"><img decoding=\"async\" src=\"https:\/\/sc-pakt.eu\/wp-content\/uploads\/2025\/12\/discord.png\" style=\"height:10px;\"><\/span><a href=\"https:\/\/discord.com\/invite\/dUXkarJ\" target=\"_blank\" style=\"float:right;margin-right:3px;\">#chat-public<\/a><\/div><div style=\"clear:both;\"><\/div><div><span style=\"margin-left:3px;float:left;width:20px;\"><img decoding=\"async\" src=\"https:\/\/sc-pakt.eu\/wp-content\/uploads\/2025\/12\/yt.png\" style=\"height:10px;\"><\/span><a href=\"https:\/\/www.youtube.com\/channel\/UC1O-FKgqLJmy8XYn0oWIzbA\" target=\"_blank\" style=\"float:right;margin-right:3px;\">@IsleofHope<\/a><\/div><div style=\"clear:both;\"><\/div><\/div><\/div><div class=\"col-md-4 col-sm-6 gallery-grid isotope-item\"><div class=\"gallery-single fix\"><div><h3>GILDE<\/h3><\/div><img loading=\"lazy\" decoding=\"async\" width=\"1600\" height=\"1600\" src=\"https:\/\/sc-pakt.eu\/wp-content\/uploads\/2025\/12\/v09_offiziell_1600px.png\" class=\"img-fluid wp-post-image\" alt=\"\" srcset=\"https:\/\/sc-pakt.eu\/wp-content\/uploads\/2025\/12\/v09_offiziell_1600px.png 1600w, https:\/\/sc-pakt.eu\/wp-content\/uploads\/2025\/12\/v09_offiziell_1600px-300x300.png 300w, https:\/\/sc-pakt.eu\/wp-content\/uploads\/2025\/12\/v09_offiziell_1600px-1024x1024.png 1024w, https:\/\/sc-pakt.eu\/wp-content\/uploads\/2025\/12\/v09_offiziell_1600px-150x150.png 150w, https:\/\/sc-pakt.eu\/wp-content\/uploads\/2025\/12\/v09_offiziell_1600px-768x768.png 768w, https:\/\/sc-pakt.eu\/wp-content\/uploads\/2025\/12\/v09_offiziell_1600px-1536x1536.png 1536w\" sizes=\"(max-width: 1600px) 100vw, 1600px\" \/><div><span style=\"margin-left:3px;float:left;width:20px;\"><img decoding=\"async\" src=\"https:\/\/sc-pakt.eu\/wp-content\/uploads\/2025\/12\/home.png\" style=\"height:10px;\"><\/span><a href=\"http:\/\/www.gilde.biz\/\" target=\"_blank\" style=\"float:right;margin-right:3px;\">gilde.biz<\/a><\/div><div style=\"clear:both;\"><\/div><div><span style=\"margin-left:3px;float:left;width:20px;\"><img decoding=\"async\" src=\"https:\/\/sc-pakt.eu\/wp-content\/uploads\/2025\/12\/rsi.png\" style=\"height:10px;\"><\/span><a href=\"https:\/\/robertsspaceindustries.com\/orgs\/GILDE\" target=\"_blank\" style=\"float:right;margin-right:3px;\">\/orgs\/GILDE<\/a><\/div><div style=\"clear:both;\"><\/div><div><span style=\"margin-left:3px;float:left;width:20px;\"><img decoding=\"async\" src=\"https:\/\/sc-pakt.eu\/wp-content\/uploads\/2025\/12\/discord.png\" style=\"height:10px;\"><\/span><a href=\"https:\/\/discord.gg\/aAYcx4JTRR\" target=\"_blank\" style=\"float:right;margin-right:3px;\">discord<\/a><\/div><div style=\"clear:both;\"><\/div><\/div><\/div><\/div><\/div>\n\t\t\t\t\t\t<\/div>\n\t\t\t\t\t<\/div>\n\t\t\t\t<\/div>\n\t\t<div class=\"elementor-element elementor-element-692112e e-flex e-con-boxed e-con e-parent\" data-id=\"692112e\" data-element_type=\"container\" data-e-type=\"container\">\n\t\t\t\t\t<div class=\"e-con-inner\">\n\t\t<div class=\"elementor-element elementor-element-a0c6a00 e-con-full e-flex e-con e-child\" data-id=\"a0c6a00\" data-element_type=\"container\" data-e-type=\"container\">\n\t\t\t\t<div class=\"elementor-element elementor-element-493b219 elementor-widget elementor-widget-menu-anchor\" data-id=\"493b219\" data-element_type=\"widget\" data-e-type=\"widget\" data-widget_type=\"menu-anchor.default\">\n\t\t\t\t\t\t\t<div class=\"elementor-menu-anchor\" id=\"About\"><\/div>\n\t\t\t\t\t\t<\/div>\n\t\t\t\t<div class=\"elementor-element elementor-element-b90265a elementor-widget elementor-widget-heading\" data-id=\"b90265a\" data-element_type=\"widget\" data-e-type=\"widget\" data-widget_type=\"heading.default\">\n\t\t\t\t\t<h2 class=\"elementor-heading-title elementor-size-default\">About<\/h2>\t\t\t\t<\/div>\n\t\t\t\t<div class=\"elementor-element elementor-element-3bc40d3 elementor-widget elementor-widget-text-editor\" data-id=\"3bc40d3\" data-element_type=\"widget\" data-e-type=\"widget\" data-widget_type=\"text-editor.default\">\n\t\t\t\t\t\t\t\t\t<p>Die Protection Alliance \u2013 Knights of Terra (abgek\u00fcrzt: PAKT) ist ein Zusammenschluss von deutschsprachigen StarCitizen Organisationen, die gemeinsam gesetzte Ziele und Werte verfolgen. Der PAKT strebt eine Gemeinschaft an, in der Inklusion, Toleranz, Stabilit\u00e4t, Solidarit\u00e4t und Sicherheit als Grund\u00fcberzeugung im Fokus stehen. Weiters ist es das Vorhaben der Allianz die F\u00f6rderung des Friedens im Einklang der Grunds\u00e4tze ihrer Mitglieder anzustreben, eine gemeinsame nachhaltige Entwicklung im Bereich Wirtschaft zu schaffen und die Unterst\u00fctzung des wissenschaftlichen und technologischen Fortschrittes aller Allianzmitglieder zu beg\u00fcnstigen. Der PAKT engagiert sich f\u00fcr die friedliche L\u00f6sungen von Konflikten. Doch wenn diplomatische Anstrengungen scheitern, hat die Allianz auch die milit\u00e4rische Macht die etwaige Krise zu \u00fcberstehen und f\u00fcr sich zu entscheiden. Dies gilt vor allem im Kampf gegen Piraterie und im speziellen jeglicher Art von Freibeutern, die es sich zum Ziel gemacht haben hilflose und ungesch\u00fctzte zu \u00dcberfallen.<\/p><p><br \/><br \/><\/p><p>Die Protection Alliance \u2013 Knights of Terra f\u00f6rdert und baut auf das Fundament der repr\u00e4sentativen Demokratie, der Souver\u00e4nit\u00e4t und der Selbstbestimmung Ihrer Mitglieder auf. Alle Allianz-T\u00e4tigkeiten st\u00fctzen sich auf freiwillig und liberal gef\u00e4llte Entscheidungen f\u00fcr das Wohlbefinden, das Wachstum und den Wohlstand aller Mitgliedsorganisationen.<\/p><p><br \/><br \/><\/p><p>Das Konzept der solidarischen Kommunikation und Zusammengeh\u00f6rigkeit stellt das letzte kostbare Ideal der Allianz dar.<\/p>\t\t\t\t\t\t\t\t<\/div>\n\t\t\t\t<\/div>\n\t\t\t\t<div class=\"elementor-element elementor-element-03779c1 elementor-widget elementor-widget-image\" data-id=\"03779c1\" data-element_type=\"widget\" data-e-type=\"widget\" data-widget_type=\"image.default\">\n\t\t\t\t\t\t\t\t\t\t\t\t\t\t\t<img loading=\"lazy\" decoding=\"async\" width=\"500\" height=\"500\" src=\"https:\/\/sc-pakt.eu\/wp-content\/uploads\/2025\/12\/about.png\" class=\"attachment-large size-large wp-image-80\" alt=\"\" srcset=\"https:\/\/sc-pakt.eu\/wp-content\/uploads\/2025\/12\/about.png 500w, https:\/\/sc-pakt.eu\/wp-content\/uploads\/2025\/12\/about-300x300.png 300w, https:\/\/sc-pakt.eu\/wp-content\/uploads\/2025\/12\/about-150x150.png 150w\" sizes=\"(max-width: 500px) 100vw, 500px\" \/>\t\t\t\t\t\t\t\t\t\t\t\t\t\t\t<\/div>\n\t\t\t\t\t<\/div>\n\t\t\t\t<\/div>\n\t\t\t\t<\/div>\n\t\t","protected":false},"excerpt":{"rendered":"<p>News Mitglieder About Die Protection Alliance \u2013 Knights of Terra (abgek\u00fcrzt: PAKT) ist ein Zusammenschluss von deutschsprachigen StarCitizen Organisationen, die gemeinsam gesetzte Ziele und Werte verfolgen. Der PAKT strebt eine Gemeinschaft an, in der Inklusion, Toleranz, Stabilit\u00e4t, Solidarit\u00e4t und Sicherheit als Grund\u00fcberzeugung im Fokus stehen. Weiters ist es das Vorhaben der Allianz die F\u00f6rderung des [&hellip;]<\/p>\n","protected":false},"author":1,"featured_media":0,"parent":0,"menu_order":0,"comment_status":"closed","ping_status":"closed","template":"","meta":{"footnotes":""},"class_list":["post-17","page","type-page","status-publish","hentry"],"_links":{"self":[{"href":"https:\/\/sc-pakt.eu\/index.php\/wp-json\/wp\/v2\/pages\/17","targetHints":{"allow":["GET"]}}],"collection":[{"href":"https:\/\/sc-pakt.eu\/index.php\/wp-json\/wp\/v2\/pages"}],"about":[{"href":"https:\/\/sc-pakt.eu\/index.php\/wp-json\/wp\/v2\/types\/page"}],"author":[{"embeddable":true,"href":"https:\/\/sc-pakt.eu\/index.php\/wp-json\/wp\/v2\/users\/1"}],"replies":[{"embeddable":true,"href":"https:\/\/sc-pakt.eu\/index.php\/wp-json\/wp\/v2\/comments?post=17"}],"version-history":[{"count":43,"href":"https:\/\/sc-pakt.eu\/index.php\/wp-json\/wp\/v2\/pages\/17\/revisions"}],"predecessor-version":[{"id":179,"href":"https:\/\/sc-pakt.eu\/index.php\/wp-json\/wp\/v2\/pages\/17\/revisions\/179"}],"wp:attachment":[{"href":"https:\/\/sc-pakt.eu\/index.php\/wp-json\/wp\/v2\/media?parent=17"}],"curies":[{"name":"wp","href":"https:\/\/api.w.org\/{rel}","templated":true}]}}